{"id":31,"date":"2024-05-31T01:40:48","date_gmt":"2024-05-30T22:40:48","guid":{"rendered":"https:\/\/www.raydolaptamiri.com.tr\/Beykoz\/?page_id=31"},"modified":"2024-08-12T13:25:01","modified_gmt":"2024-08-12T10:25:01","slug":"beykoz-ray-dolap-tamiri","status":"publish","type":"page","link":"https:\/\/www.raydolaptamiri.com.tr\/Beykoz\/","title":{"rendered":"Beykoz Ray Dolap Tamiri"},"content":{"rendered":"<p>Beykoz Ray Dolap Tamiri &#8211; Beykoz Ray Dolap Tamircisi Telefon &#8221;0554 858 1312&#8221; \u0130stanbul Anadolu Yakas\u0131 Beykoz Ray Dolap Tamiri&#8221; Beykoz Ray Dolap Kapak Tamiri &#8221; Beykoz Ray Dolap Mekanizma Tamiri &#8221; Beykoz Ray Dolap Kapak Sistemleri Tamiri &#8221; Ray dolap kap\u0131lar\u0131n\u0131z gerekti\u011fi gibi \u00e7al\u0131\u015fm\u0131yorsa, bir\u00e7ok ki\u015fi t\u00fcm kap\u0131n\u0131z\u0131 de\u011fi\u015ftirmenizi \u00f6nerecektir. Ancak bu \u00e7ok b\u00fcy\u00fck bir masraft\u0131r ve \u00e7o\u011fu durumda gereksizdir \u00e7\u00fcnk\u00fc bunun yerine tamir edebilirsiniz. Baz\u0131 durumlarda, hasar onar\u0131lamayacak kadar ciddi olabilir ve kap\u0131 sisteminin de\u011fi\u015ftirilmesi gerekebilir. Ancak, bu a\u015famaya gelmeden \u00f6nce, onar\u0131mlar\u0131 yapman\u0131za ve ray dolap kap\u0131lar\u0131n\u0131z\u0131n yeniymi\u015f gibi \u00e7al\u0131\u015fmas\u0131n\u0131 sa\u011flaman\u0131za yard\u0131mc\u0131 olabiliriz.<\/p>\n<figure id=\"attachment_77\" aria-describedby=\"caption-attachment-77\" style=\"width: 405px\" class=\"wp-caption alignright\"><img fetchpriority=\"high\" decoding=\"async\" class=\"wp-image-77\" src=\"https:\/\/www.raydolaptamiri.com.tr\/Beykoz\/wp-content\/uploads\/Beykoz-Ray-Dolap-Tamiri.jpg\" alt=\"Beykoz Ray Dolap Tamiri\" width=\"405\" height=\"225\" srcset=\"https:\/\/www.raydolaptamiri.com.tr\/Beykoz\/wp-content\/uploads\/Beykoz-Ray-Dolap-Tamiri.jpg 450w, https:\/\/www.raydolaptamiri.com.tr\/Beykoz\/wp-content\/uploads\/Beykoz-Ray-Dolap-Tamiri-300x167.jpg 300w, https:\/\/www.raydolaptamiri.com.tr\/Beykoz\/wp-content\/uploads\/Beykoz-Ray-Dolap-Tamiri-150x83.jpg 150w\" sizes=\"(max-width: 405px) 100vw, 405px\" \/><figcaption id=\"caption-attachment-77\" class=\"wp-caption-text\">Beykoz Ray Dolap Tamiri<\/figcaption><\/figure>\n<h2><strong style=\"color: #ff0000;\">Beykoz Ray Dolap Tamiri<\/strong><\/h2>\n<p>Beykoz Ray Dolap Tamiri ; Y\u0131llar ge\u00e7tik\u00e7e t\u00fcm ray dolap kap\u0131lar\u0131n par\u00e7alanmas\u0131, a\u015f\u0131nmas\u0131, kirlenmesi ve bir\u00e7ok d\u0131\u015f etkene maruz kalmas\u0131 \u00e7ok yayg\u0131nd\u0131r. \u00c7ocuklar\u0131n\u0131z varsa ve s\u00fcrekli olarak kap\u0131n\u0131zdan girip \u00e7\u0131k\u0131yorlarsa, kap\u0131n\u0131z\u0131n a\u015f\u0131nma ve y\u0131pranmas\u0131n\u0131n daha h\u0131zl\u0131 ger\u00e7ekle\u015fti\u011fini g\u00f6receksiniz. Her cihaz gibi, ne kadar \u00e7ok kullan\u0131l\u0131rsa o kadar \u00e7ok y\u0131pran\u0131r ve y\u0131pran\u0131r. Sadece bu de\u011fil, etrafta dola\u015f\u0131p insanlar\u0131n evlerini tamir etti\u011fimizde, raylar\u0131n ve i\u00e7 k\u0131s\u0131mlar\u0131n \u00e7o\u011funun \u00e7ok kirli oldu\u011funu g\u00f6r\u00fcyoruz. Mekanizmalar\u0131n \u00e7ok d\u00fczg\u00fcn yuvarlanmas\u0131 gerekiyor. \u00c7o\u011fu zaman silindirler \u00e7atlam\u0131\u015f, k\u0131r\u0131lm\u0131\u015f, da\u011f\u0131lm\u0131\u015f durumdad\u0131r. Kap\u0131n\u0131z\u0131n arada s\u0131rada raydan \u00e7\u0131kt\u0131\u011f\u0131n\u0131 g\u00f6r\u00fcyorsan\u0131z, muhtemelen kap\u0131 makaralar\u0131n\u0131n art\u0131k par\u00e7aland\u0131\u011f\u0131n\u0131 veya k\u0131r\u0131ld\u0131\u011f\u0131n\u0131 ve bunun raydan \u00e7\u0131kmas\u0131na veya kaymas\u0131na ve \u00e7ekilmesine neden oldu\u011funu g\u00f6receksiniz. \u00d6zellikle, \u00fcstteki makara genellikle hasar g\u00f6r\u00fcr. Kap\u0131 o kadar a\u011f\u0131r olabilir ki a\u00e7\u0131lmas\u0131 imkans\u0131z olabilir. <img decoding=\"async\" class=\"alignleft wp-image-78\" src=\"https:\/\/www.raydolaptamiri.com.tr\/Beykoz\/wp-content\/uploads\/Beykoz-Ray-Dolap-Tamir-Hizmeti.jpg\" alt=\"\" width=\"250\" height=\"250\" srcset=\"https:\/\/www.raydolaptamiri.com.tr\/Beykoz\/wp-content\/uploads\/Beykoz-Ray-Dolap-Tamir-Hizmeti.jpg 300w, https:\/\/www.raydolaptamiri.com.tr\/Beykoz\/wp-content\/uploads\/Beykoz-Ray-Dolap-Tamir-Hizmeti-150x150.jpg 150w, https:\/\/www.raydolaptamiri.com.tr\/Beykoz\/wp-content\/uploads\/Beykoz-Ray-Dolap-Tamir-Hizmeti-90x90.jpg 90w\" sizes=\"(max-width: 250px) 100vw, 250px\" \/><\/p>\n<h3 style=\"text-align: center;\">Beykoz Ray Dolap Kapak Tamiri<\/h3>\n<p>Beykoz Ray Dolap Kapak Tamiri &#8221;bir kap\u0131y\u0131 tamir etmek ve onarmak i\u00e7in bu birka\u00e7 \u015feye bakar\u0131z. \u00c7o\u011fu zaman, kap\u0131n\u0131n alt k\u0131sm\u0131nda yedek silindirlere ihtiya\u00e7 duyulur. Silindirler hayati \u00f6nem ta\u015f\u0131r. Kap\u0131 ne kadar a\u011f\u0131rsa, o kadar y\u00fcksek kaliteli silindire ihtiyac\u0131n\u0131z olur. Modern evlerde en ucuz par\u00e7alar\u0131n kullan\u0131ld\u0131\u011f\u0131n\u0131 ve hatta baz\u0131 tamircilerin en ucuz silindirleri kulland\u0131\u011f\u0131n\u0131 g\u00f6r\u00fcyoruz. Sonu\u00e7 olarak da\u011f\u0131l\u0131yorlar, k\u0131r\u0131l\u0131yorlar ve \u00e7ok \u00e7abuk bozuluyorlar. Kaliteli makaralara sahip oldu\u011fumuzdan emin oluyoruz ve kap\u0131n\u0131z\u0131n taban\u0131ndaki makaralar\u0131, uzun s\u00fcre dayanacaklar\u0131 i\u00e7in kaliteli olanlarla de\u011fi\u015ftirmeniz \u00f6nemlidir. K\u0131r\u0131k veya s\u0131k\u0131\u015fm\u0131\u015f s\u00fcrg\u00fcl\u00fc kap\u0131lar\u0131 tamir etme konusunda uzmanla\u015ft\u0131k. Beykoz Ray Dolap Kapak Tamiri&#8221; \u00fccretsiz fiyat teklifi almak i\u00e7in k\u0131sa bir telefon g\u00f6r\u00fc\u015fmesi uza\u011f\u0131n\u0131zday\u0131z. Bizimle 0554 858 1312 numaral\u0131 telefondan ileti\u015fime ge\u00e7in \u015eu anda \u0130stanbul Anadolu yakas\u0131 Beykoz b\u00f6lgelerinde,<span style=\"color: #339966;\"><em><strong><a style=\"color: #339966;\" href=\"https:\/\/www.onlinemarangoz.com.tr\/Beykoz\/beykoz-ray-dolap-tamiri\/\" target=\"_blank\" rel=\"noopener\">Beykoz Ray Dolap Tamiri<\/a><\/strong><\/em><\/span>&#8221; yap\u0131yoruz.<\/p>\n<table style=\"border-collapse: collapse; width: 100%;\">\n<tbody>\n<tr>\n<td style=\"width: 50%;\">\n<h4 style=\"text-align: center;\">Beykoz Ray Dolap Mekanizma Tamiri<\/h4>\n<p style=\"text-align: center;\">Beykoz Ray Dolap Mekanizma Tamiri Raylar\u0131 silmek kadar basit olabilir . Mekanizma kap\u0131lar i\u00e7in tasarlanm\u0131\u015f bir silikon sprey ile temizleyin ve kir \u00e7ekebilecek ya\u011f kullanmaktan ka\u00e7\u0131n\u0131n. Biraz bak\u0131mla, s\u00fcrg\u00fcl\u00fc kap\u0131lar\u0131n\u0131z her a\u00e7t\u0131\u011f\u0131n\u0131zda zahmetsizce kayacakt\u0131r.<\/p>\n<\/td>\n<td style=\"width: 50%;\">\n<h5 style=\"text-align: center;\">Beykoz Ray Dolap Kapak Sistemleri Tamiri<\/h5>\n<p style=\"text-align: center;\">Beykoz Ray Dolap Kapak Sistemleri Tamiri Y\u00fcksek kalite<\/p>\n<p style=\"text-align: center;\">Biz sadece En \u0130yi Kalite malzemeleri kullan\u0131yoruz. M\u00fc\u015fterilerimizin \u00f6n\u00fcm\u00fczdeki y\u0131llarda mutlu olmas\u0131n\u0131 istiyoruz, bu y\u00fczden ucuz malzemeler kullanm\u0131yoruz.<\/p>\n<\/td>\n<\/tr>\n<\/tbody>\n<\/table>\n<h4 style=\"text-align: center;\">Beykoz Ray Dolap Tamir<\/h4>\n<p><img decoding=\"async\" class=\"alignright wp-image-79\" style=\"letter-spacing: 0.5px; word-spacing: 0.5px;\" src=\"https:\/\/www.raydolaptamiri.com.tr\/Beykoz\/wp-content\/uploads\/Beykoz-Ray-Dolap-Kapak-Sistemleri-Tamir.jpg\" alt=\"\" width=\"250\" height=\"250\" srcset=\"https:\/\/www.raydolaptamiri.com.tr\/Beykoz\/wp-content\/uploads\/Beykoz-Ray-Dolap-Kapak-Sistemleri-Tamir.jpg 300w, https:\/\/www.raydolaptamiri.com.tr\/Beykoz\/wp-content\/uploads\/Beykoz-Ray-Dolap-Kapak-Sistemleri-Tamir-150x150.jpg 150w, https:\/\/www.raydolaptamiri.com.tr\/Beykoz\/wp-content\/uploads\/Beykoz-Ray-Dolap-Kapak-Sistemleri-Tamir-90x90.jpg 90w\" sizes=\"(max-width: 250px) 100vw, 250px\" \/>Beykoz Ray Dolap Tamir: S\u00fcrg\u00fcl\u00fc ray dolap kap\u0131lar, her eve harika bir katk\u0131 sa\u011flaman\u0131n yan\u0131 s\u0131ra, kendi zorluklar\u0131yla da gelir. Ar\u0131zal\u0131 raylardan hasarl\u0131 silindirlere kadar bir\u00e7ok sorun ortaya \u00e7\u0131kabilir. Ancak, ekibimiz yan\u0131n\u0131zda oldu\u011funda, her sorunun bir \u00e7\u00f6z\u00fcm\u00fc vard\u0131r. Beykoz &#8216;taysan\u0131z ve s\u00fcrg\u00fcl\u00fc ray dolap kap\u0131lar\u0131n\u0131z i\u00e7in profesyonel onar\u0131m hizmetleri ar\u0131yorsan\u0131z, sizin i\u00e7in buraday\u0131z. Deneyimimizin, uzmanl\u0131\u011f\u0131m\u0131z\u0131n ve m\u00fc\u015fteri memnuniyetine olan ba\u011fl\u0131l\u0131\u011f\u0131m\u0131z\u0131n yol g\u00f6sterici y\u0131ld\u0131z\u0131n\u0131z olmas\u0131na izin verin. Sorunsuz, zahmetsiz bir onar\u0131m s\u00fcreci i\u00e7in teredd\u00fct etmeyin; Pazartesi&#8217;den Cumartesi&#8217;ye Sabah 09:00 \u2013 Ak\u015fam 20:00 saatleri aras\u0131nda { <em><strong>Beykoz Ray Dolap Mekanizma Tamiri<\/strong><\/em> } hakk\u0131nda daha fazla bilgi almak i\u00e7in bize 0554 858 1312&#8221; numaral\u0131 telefondan bize ula\u015fabilir WhatsApp arac\u0131l\u0131\u011f\u0131yla do\u011frudan mesaj g\u00f6nderebilirsiniz.<\/p>\n<table style=\"border-collapse: collapse; width: 100%;\">\n<tbody>\n<tr>\n<td>\n<h4 style=\"text-align: center;\">Ray Dolap Tamiri Beykoz<\/h4>\n<p style=\"text-align: center;\">Kaymayan ray dolap kap\u0131 nas\u0131l tamir edilir?<\/p>\n<p style=\"text-align: center;\">Raylar\u0131 silmek ; kadar basit olabilir Ray dolap kap\u0131lar i\u00e7in sprey ile ya\u011flay\u0131n ve kir \u00e7ekebilecek ya\u011f kullanmaktan ka\u00e7\u0131n\u0131n. Biraz bak\u0131mla, ray dolap s\u00fcrg\u00fcl\u00fc kap\u0131lar\u0131n\u0131z her a\u00e7t\u0131\u011f\u0131n\u0131zda zahmetsizce kayacakt\u0131r.<\/p>\n<\/td>\n<td>\n<h5 style=\"text-align: center;\">Beykoz Ray Dolap Kapak Sistemleri Tamiri<\/h5>\n<div style=\"text-align: center;\">Ray dolap kap\u0131m neden bu kadar zor a\u00e7\u0131l\u0131yor?<\/div>\n<div>\n<div style=\"text-align: center;\">Kir, nem ve normal a\u015f\u0131nma ve y\u0131pranma kap\u0131ya ve raylar\u0131na zarar vererek&nbsp;kap\u0131n\u0131n a\u00e7\u0131l\u0131p kapanmas\u0131n\u0131 zorla\u015ft\u0131rabilir.<\/div>\n<\/div>\n<\/td>\n<td style=\"width: 33.3333%;\">\n<h6 style=\"text-align: center;\">Beykoz Ray Dolap Mekanizma Tamiri<\/h6>\n<p style=\"text-align: center;\">Ray dolap kap\u0131larda WD-40 kullan\u0131labilir mi?<\/p>\n<p style=\"text-align: center;\">Ray dolap kap\u0131 silindirlerinizin raylar boyunca d\u00fczg\u00fcn \u00e7al\u0131\u015fmas\u0131n\u0131 sa\u011flamak i\u00e7in raylar\u0131n\u0131za WD-40 veya herhangi bir silikon bazl\u0131 ya\u011flay\u0131c\u0131 p\u00fcsk\u00fcrtebilirsiniz . Kaygan bir zemine d\u00fc\u015fmemek i\u00e7in yere d\u00fc\u015fen fazla spreyi silmeyi unutmay\u0131n.<\/p>\n<\/td>\n<\/tr>\n<\/tbody>\n<\/table>\n<p align=\"CENTER\"><img loading=\"lazy\" decoding=\"async\" class=\"alignleft wp-image-80\" src=\"https:\/\/www.raydolaptamiri.com.tr\/Beykoz\/wp-content\/uploads\/Beykoz-Ray-Dolap-Kapak-Fren-Sistemleri-Tamir.jpg\" alt=\"\" width=\"202\" height=\"202\" srcset=\"https:\/\/www.raydolaptamiri.com.tr\/Beykoz\/wp-content\/uploads\/Beykoz-Ray-Dolap-Kapak-Fren-Sistemleri-Tamir.jpg 300w, https:\/\/www.raydolaptamiri.com.tr\/Beykoz\/wp-content\/uploads\/Beykoz-Ray-Dolap-Kapak-Fren-Sistemleri-Tamir-150x150.jpg 150w, https:\/\/www.raydolaptamiri.com.tr\/Beykoz\/wp-content\/uploads\/Beykoz-Ray-Dolap-Kapak-Fren-Sistemleri-Tamir-90x90.jpg 90w\" sizes=\"(max-width: 202px) 100vw, 202px\" \/>Beykoz Ray Dolap Tamiri &#8221; konusunda son derece deneyimliyiz ve y\u00fcksek standartta ve,&nbsp;<span style=\"color: #3366ff;\"><strong><a style=\"color: #3366ff;\" href=\"https:\/\/www.raydolaptamiri.com.tr\/\" target=\"_blank\" rel=\"noopener\">Beykoz Ray Dolap Tamiri<\/a><\/strong><\/span>, konusunda becerikliyiz.<\/p>\n<p align=\"CENTER\">Beykoz Ray Dolap Mekanizma Tamiri &#8221; Size uygun bir zamanda gelebilir ve evinize minimum \u015fekilde her \u015feyin k\u0131sa s\u00fcrede &#8221; Beykoz Ray Dolap Kapak Tamiri &#8221; edilmesini sa\u011flayabiliriz.<\/p>\n<p align=\"CENTER\">Beykoz Ray Dolap Kapak Sistemleri Tamiri&nbsp;;- i\u00e7in bizi Pazartesi&#8217;den Cumartesi&#8217;ye Sabah 09:00 \u2013 Ak\u015fam 20:00 saatleri aras\u0131nda {&nbsp;<em><strong>Beykoz Ray Dolap Mekanizma Tamiri<\/strong><\/em>&nbsp;} hakk\u0131nda daha fazla bilgi almak i\u00e7in bize&nbsp;<em><span style=\"font-size: 14pt;\"><strong><a href=\"tel:\/\/+905548581312\" target=\"_blank\" rel=\"noopener\">0554 858 1312<\/a><\/strong><\/span><\/em>&#8221; numaral\u0131 telefondan bize ula\u015fabilir WhatsApp arac\u0131l\u0131\u011f\u0131yla do\u011frudan mesaj g\u00f6nderebilirsiniz.<\/p>\n<p align=\"CENTER\">((&nbsp;<span style=\"color: #ff0000;\"><strong><a style=\"color: #ff0000;\" href=\"https:\/\/www.raydolaptamiri.com.tr\/Beykoz\/beykoz-ray-dolap-tamiri\/\" target=\"_blank\" rel=\"noopener\">Beykoz Ray Dolap Tamiri<\/a><\/strong><\/span>&nbsp;)) i\u00e7in l\u00fctfen bizimle ileti\u015fime ge\u00e7in. (( Beykoz Ray Dolap Kapak Tamiri )) size yard\u0131mc\u0131 olmaktan mutluluk duyar\u0131z.<\/p>\n<table style=\"border-collapse: collapse; width: 100%;\">\n<tbody>\n<tr>\n<td style=\"width: 33.3333%;\">\n<h5 align=\"CENTER\"><b>Beykoz Ray Dolap Tamiri Whatsapp<\/b><\/h5>\n<p align=\"CENTER\"><a href=\"https:\/\/wa.me\/+905548581312\" target=\"_blank\" rel=\"Tezcan Usta Whatsapp Hemen T\u0131kla Mesaj At noopener\"><img loading=\"lazy\" decoding=\"async\" class=\"aligncenter wp-image-64 size-full\" title=\"Tezcan Usta Whatsapp Hemen T\u0131kla Mesaj At\" src=\"https:\/\/www.raydolaptamiri.com.tr\/Beykoz\/wp-content\/uploads\/Whatsapp-Ray-Dolap-Tamir-Montaj-Servisi-Beykoz.jpg\" alt=\"Tezcan Usta Whatsapp Hemen T\u0131kla Mesaj At\" width=\"500\" height=\"200\" srcset=\"https:\/\/www.raydolaptamiri.com.tr\/Beykoz\/wp-content\/uploads\/Whatsapp-Ray-Dolap-Tamir-Montaj-Servisi-Beykoz.jpg 500w, https:\/\/www.raydolaptamiri.com.tr\/Beykoz\/wp-content\/uploads\/Whatsapp-Ray-Dolap-Tamir-Montaj-Servisi-Beykoz-300x120.jpg 300w, https:\/\/www.raydolaptamiri.com.tr\/Beykoz\/wp-content\/uploads\/Whatsapp-Ray-Dolap-Tamir-Montaj-Servisi-Beykoz-150x60.jpg 150w\" sizes=\"(max-width: 500px) 100vw, 500px\" \/><\/a><\/p>\n<\/td>\n<td style=\"width: 33.3333%;\">\n<h4 align=\"CENTER\"><b>Beykoz Ray Dolap Tamir Servisi<\/b><\/h4>\n<p align=\"CENTER\">Ray Dolap Kap\u0131n\u0131z\u0131n Yeni Gibi G\u00f6r\u00fcnmesi Ve Kolay A\u00e7\u0131l\u0131p Kapanmas\u0131 \u0130\u00e7in \u0130htiyac\u0131n\u0131z Olan Her \u015eey Bizde Var.<\/p>\n<\/td>\n<td style=\"width: 33.3333%;\">\n<h6 align=\"CENTER\"><b>Beykoz Ray Dolap Tamiri Telefon<\/b><\/h6>\n<p align=\"CENTER\"><a href=\"tel:\/\/+905548581312\" target=\"_blank\" rel=\"Ara Hemen Telefon Tezcan T\u0131kla Usta noopener\"><img loading=\"lazy\" decoding=\"async\" class=\"aligncenter wp-image-65 size-full\" title=\"Tezcan Usta Telefon Hemen T\u0131kla Ara\" src=\"https:\/\/www.raydolaptamiri.com.tr\/Beykoz\/wp-content\/uploads\/Telefon-Ray-Dolap-Tamir-Montaj-Servis-Beykoz.jpg\" alt=\"Tezcan Usta Telefon Hemen T\u0131kla Ara\" width=\"500\" height=\"200\" srcset=\"https:\/\/www.raydolaptamiri.com.tr\/Beykoz\/wp-content\/uploads\/Telefon-Ray-Dolap-Tamir-Montaj-Servis-Beykoz.jpg 500w, https:\/\/www.raydolaptamiri.com.tr\/Beykoz\/wp-content\/uploads\/Telefon-Ray-Dolap-Tamir-Montaj-Servis-Beykoz-300x120.jpg 300w, https:\/\/www.raydolaptamiri.com.tr\/Beykoz\/wp-content\/uploads\/Telefon-Ray-Dolap-Tamir-Montaj-Servis-Beykoz-150x60.jpg 150w\" sizes=\"(max-width: 500px) 100vw, 500px\" \/><\/a><\/p>\n<\/td>\n<\/tr>\n<\/tbody>\n<\/table>\n","protected":false},"excerpt":{"rendered":"<p>Beykoz Ray Dolap Tamiri &#8211; Beykoz Ray Dolap Tamircisi Telefon &#8221;0554 858 1312&#8221; \u0130stanbul Anadolu Yakas\u0131 Beykoz Ray Dolap Tamiri&#8221; Beykoz Ray Dolap Kapak Tamiri &#8221; Beykoz Ray Dolap Mekanizma Tamiri &#8221; Beykoz Ray Dolap Kapak Sistemleri Tamiri &#8221; Ray&#8230; <a class=\"di-continue-reading\" href=\"https:\/\/www.raydolaptamiri.com.tr\/Beykoz\/\"> Continue Reading&#8230;<\/a><\/p>\n","protected":false},"author":1,"featured_media":0,"parent":0,"menu_order":0,"comment_status":"closed","ping_status":"closed","template":"","meta":{"footnotes":""},"categories":[3],"tags":[8,6,7,9,4,5],"class_list":["post-31","page","type-page","status-publish","hentry","category-beykoz-ray-dolap-tamiri","tag-beykoz-ray-dolap-kapak-sistemleri-tamiri","tag-beykoz-ray-dolap-kapak-tamiri","tag-beykoz-ray-dolap-mekanizma-tamiri","tag-beykoz-ray-dolap-tamir","tag-beykoz-ray-dolap-tamiri","tag-ray-dolap-tamiri-beykoz"],"_links":{"self":[{"href":"https:\/\/www.raydolaptamiri.com.tr\/Beykoz\/wp-json\/wp\/v2\/pages\/31","targetHints":{"allow":["GET"]}}],"collection":[{"href":"https:\/\/www.raydolaptamiri.com.tr\/Beykoz\/wp-json\/wp\/v2\/pages"}],"about":[{"href":"https:\/\/www.raydolaptamiri.com.tr\/Beykoz\/wp-json\/wp\/v2\/types\/page"}],"author":[{"embeddable":true,"href":"https:\/\/www.raydolaptamiri.com.tr\/Beykoz\/wp-json\/wp\/v2\/users\/1"}],"replies":[{"embeddable":true,"href":"https:\/\/www.raydolaptamiri.com.tr\/Beykoz\/wp-json\/wp\/v2\/comments?post=31"}],"version-history":[{"count":10,"href":"https:\/\/www.raydolaptamiri.com.tr\/Beykoz\/wp-json\/wp\/v2\/pages\/31\/revisions"}],"predecessor-version":[{"id":85,"href":"https:\/\/www.raydolaptamiri.com.tr\/Beykoz\/wp-json\/wp\/v2\/pages\/31\/revisions\/85"}],"wp:attachment":[{"href":"https:\/\/www.raydolaptamiri.com.tr\/Beykoz\/wp-json\/wp\/v2\/media?parent=31"}],"wp:term":[{"taxonomy":"category","embeddable":true,"href":"https:\/\/www.raydolaptamiri.com.tr\/Beykoz\/wp-json\/wp\/v2\/categories?post=31"},{"taxonomy":"post_tag","embeddable":true,"href":"https:\/\/www.raydolaptamiri.com.tr\/Beykoz\/wp-json\/wp\/v2\/tags?post=31"}],"curies":[{"name":"wp","href":"https:\/\/api.w.org\/{rel}","templated":true}]}}