{"id":139,"date":"2024-06-22T21:21:34","date_gmt":"2024-06-22T18:21:34","guid":{"rendered":"https:\/\/www.raydolaptamiri.com.tr\/Kadikoy\/?page_id=139"},"modified":"2024-06-22T21:21:34","modified_gmt":"2024-06-22T18:21:34","slug":"merdivenkoy-ray-dolap-tamiri","status":"publish","type":"page","link":"https:\/\/www.raydolaptamiri.com.tr\/Kadikoy\/merdivenkoy-ray-dolap-tamiri\/","title":{"rendered":"Merdivenk\u00f6y Ray Dolap Tamiri"},"content":{"rendered":"<p>Merdivenk\u00f6y Ray Dolap Tamiri &#8211; Ray Dolap Tamiri Telefon 0554 858 1312&#8221; \u0130stanbul Anadolu Yakas\u0131 Kad\u0131k\u00f6y Merdivenk\u00f6y Mahallesi Ray Dolap Tamiri ; Biz S\u00fcrg\u00fcl\u00fc Kap\u0131l\u0131 Gard\u0131rop Tamir Uzmanlar\u0131y\u0131z. Ger\u00e7ek \u015fu ki, g\u00f6mme s\u00fcrg\u00fcl\u00fc Ray Dolap gard\u0131roplar tamir edilmesi en zor \u00fcr\u00fcn olmu\u015ftur. D\u00fcnyan\u0131n her yerindeki insanlar s\u00fcrg\u00fcl\u00fc Ray Dolap gard\u0131roplar\u0131n\u0131 tamir ettirmeye \u00e7al\u0131\u015f\u0131yorlar ancak genellikle ba\u015far\u0131l\u0131 olam\u0131yorlar. G\u00f6r\u00fcn\u00fc\u015fe g\u00f6re \u00e7o\u011fu gard\u0131rop veya tamirci, sorunu bilmek istemiyor veya garantili bir sonu\u00e7la sorunu \u00e7\u00f6zecek deneyime sahip de\u011fil. Fark\u0131m\u0131z? Onlar\u0131 ger\u00e7ekten tamir edebiliriz!<\/p>\n<figure id=\"attachment_140\" aria-describedby=\"caption-attachment-140\" style=\"width: 450px\" class=\"wp-caption alignright\"><img fetchpriority=\"high\" decoding=\"async\" class=\"size-full wp-image-140\" src=\"https:\/\/www.raydolaptamiri.com.tr\/Kadikoy\/wp-content\/uploads\/Kadikoy-Merdivenkoy-Mahallesi-Ray-Dalap-Tamir-Montaj-Onarim-Servisi.jpg\" alt=\"Merdivenk\u00f6y Ray Dolap Tamiri - Ray Dolap Tamircisi\" width=\"450\" height=\"250\" srcset=\"https:\/\/www.raydolaptamiri.com.tr\/Kadikoy\/wp-content\/uploads\/Kadikoy-Merdivenkoy-Mahallesi-Ray-Dalap-Tamir-Montaj-Onarim-Servisi.jpg 450w, https:\/\/www.raydolaptamiri.com.tr\/Kadikoy\/wp-content\/uploads\/Kadikoy-Merdivenkoy-Mahallesi-Ray-Dalap-Tamir-Montaj-Onarim-Servisi-300x167.jpg 300w, https:\/\/www.raydolaptamiri.com.tr\/Kadikoy\/wp-content\/uploads\/Kadikoy-Merdivenkoy-Mahallesi-Ray-Dalap-Tamir-Montaj-Onarim-Servisi-150x83.jpg 150w\" sizes=\"(max-width: 450px) 100vw, 450px\" \/><figcaption id=\"caption-attachment-140\" class=\"wp-caption-text\">Merdivenk\u00f6y Ray Dolap Tamiri &#8211; Ray Dolap Tamircisi<\/figcaption><\/figure>\n<h2>Merdivenk\u00f6y\u00a0Ray Dolap Tamiri<\/h2>\n<p>Merdivenk\u00f6y Ray Dolap Tamiri&#8221; i\u00e7in bizi Pazartesi&#8217;den Cumartesi&#8217;ye Sabah 09:00 \u2013 Ak\u015fam 20:00 saatleri aras\u0131nda &#8221;Merdivenk\u00f6y Ray Dolap Tamiri&#8221; hizmeti, hakk\u0131nda daha fazla bilgi almak i\u00e7in bize 0554 858 1312&#8221; numaral\u0131 telefondan bize ula\u015fabilir WhatsApp arac\u0131l\u0131\u011f\u0131yla do\u011frudan mesaj g\u00f6nderebilirsiniz.\u00a0<span style=\"color: #ff0000; font-size: 14pt;\"><strong><em><a style=\"color: #ff0000;\" href=\"https:\/\/www.raydolaptamiri.com.tr\/Kadikoy\/\" target=\"_blank\" rel=\"noopener\">Merdivenk\u00f6y Ray Dolap Tamiri<\/a><\/em><\/strong><\/span>&#8221; i\u00e7in l\u00fctfen bizimle ileti\u015fime ge\u00e7in. size yard\u0131mc\u0131 olmaktan mutluluk duyar\u0131z.<img decoding=\"async\" class=\"alignleft wp-image-49 size-medium\" src=\"https:\/\/www.raydolaptamiri.com.tr\/Kadikoy\/wp-content\/uploads\/Ray-Dolap-Tamiri-Anadolu-Yakasi-Kadikoy-300x300.jpg\" alt=\"\" width=\"300\" height=\"300\" srcset=\"https:\/\/www.raydolaptamiri.com.tr\/Kadikoy\/wp-content\/uploads\/Ray-Dolap-Tamiri-Anadolu-Yakasi-Kadikoy-300x300.jpg 300w, https:\/\/www.raydolaptamiri.com.tr\/Kadikoy\/wp-content\/uploads\/Ray-Dolap-Tamiri-Anadolu-Yakasi-Kadikoy-150x150.jpg 150w, https:\/\/www.raydolaptamiri.com.tr\/Kadikoy\/wp-content\/uploads\/Ray-Dolap-Tamiri-Anadolu-Yakasi-Kadikoy-90x90.jpg 90w, https:\/\/www.raydolaptamiri.com.tr\/Kadikoy\/wp-content\/uploads\/Ray-Dolap-Tamiri-Anadolu-Yakasi-Kadikoy.jpg 350w\" sizes=\"(max-width: 300px) 100vw, 300px\" \/><\/p>\n<h3>Merdivenk\u00f6y Ray Dolap Kapak Tamiri<\/h3>\n<p>Merdivenk\u00f6y Ray Dolap Kapak Tamiri : Uzun y\u0131llar boyunca en zor \u015feylerden biri, \u00e7e\u015fitli Ray Dolap kap\u0131 markalar\u0131n\u0131 belirlemeye \u00e7al\u0131\u015fmak olmu\u015ftur. 35 y\u0131l\u0131 a\u015fk\u0131n bir s\u00fcredir sekt\u00f6rde olmam\u0131z\u0131n ard\u0131ndan, markas\u0131n\u0131 veya ya\u015f\u0131n\u0131 belirleyemesek bile Ray Dolap gard\u0131robunuzun tekrar maksimum verimlilikle \u00e7al\u0131\u015fmas\u0131 i\u00e7in size m\u00fcmk\u00fcn olan en iyi se\u00e7enekleri sunabilece\u011fimize inan\u0131yoruz.\u00a0<span style=\"color: #ff0000;\"><a style=\"color: #ff0000;\" href=\"https:\/\/www.onlinemarangoz.com.tr\/Kadikoy\/kadikoy-ray-dolap-tamiri\/\" target=\"_blank\" rel=\"noopener\"><strong>Merdivenk\u00f6y Ray Dolap Kapak Tamiri<\/strong><\/a><\/span>: Eski tekniklerin ve modern bile\u015fenlerin bir kombinasyonunu kullanarak, s\u00fcrg\u00fcl\u00fc ray dolap kap\u0131lar\u0131n\u0131za her t\u00fcrl\u00fc restorasyon \u015fans\u0131n\u0131 vermek i\u00e7in t\u00fcm se\u00e7enekleri dikkatlice de\u011ferlendiriyoruz. Dahas\u0131, yeni kap\u0131lar tak\u0131ld\u0131\u011f\u0131nda bazen tavanda, duvar \u00e7er\u00e7evesinde veya zemin kaplamalar\u0131nda kalan \u00e7irkin bo\u015fluklar ve delikler olmadan onar\u0131mlar yap\u0131labilir. Neredeyse t\u00fcm Ray Dolap s\u00fcrg\u00fcl\u00fc kap\u0131l\u0131 gard\u0131roplar\u0131n, hatta \u00e7ok eski olanlar\u0131n bile, uzun y\u0131llar boyunca ekstra hizmet verecek \u015fekilde ba\u015far\u0131yla onar\u0131labilece\u011fine, d\u00f6n\u00fc\u015ft\u00fcr\u00fclebilece\u011fine tamamen g\u00fcveniyoruz. T\u00fcm bunlar, yeni bir gard\u0131rop veya yeni gard\u0131rop kap\u0131lar\u0131 takma maliyetinin \u00e7ok alt\u0131nda bir maliyetle yap\u0131labilir ve t\u00fcm onar\u0131mlar, teklif verirken size bildirece\u011fimiz bir garantiyle birlikte gelir.<img decoding=\"async\" class=\"alignright wp-image-47 size-medium\" src=\"https:\/\/www.raydolaptamiri.com.tr\/Kadikoy\/wp-content\/uploads\/Ray-Dolap-Kapak-Mekanizma-Tamiri-Kadikoy-300x300.jpg\" alt=\"\" width=\"300\" height=\"300\" srcset=\"https:\/\/www.raydolaptamiri.com.tr\/Kadikoy\/wp-content\/uploads\/Ray-Dolap-Kapak-Mekanizma-Tamiri-Kadikoy-300x300.jpg 300w, https:\/\/www.raydolaptamiri.com.tr\/Kadikoy\/wp-content\/uploads\/Ray-Dolap-Kapak-Mekanizma-Tamiri-Kadikoy-150x150.jpg 150w, https:\/\/www.raydolaptamiri.com.tr\/Kadikoy\/wp-content\/uploads\/Ray-Dolap-Kapak-Mekanizma-Tamiri-Kadikoy-90x90.jpg 90w, https:\/\/www.raydolaptamiri.com.tr\/Kadikoy\/wp-content\/uploads\/Ray-Dolap-Kapak-Mekanizma-Tamiri-Kadikoy.jpg 350w\" sizes=\"(max-width: 300px) 100vw, 300px\" \/><\/p>\n<h3 class=\"western\">Ray Dolap Kapak Sorunlar\u0131n\u0131 \u00c7\u00f6zebiliriz<\/h3>\n<ol>\n<li>A\u015f\u0131nm\u0131\u015f veya hasar g\u00f6rm\u00fc\u015f gard\u0131rop makaralar\u0131 ve sistemleri tamiri.<\/li>\n<li>Dolap \u00e7er\u00e7evesinden d\u00fc\u015fen veya \u00e7\u0131kan kap\u0131lar<\/li>\n<li>U\u00e7 panelin duvardan veya ray sisteminden uzakla\u015fmas\u0131<\/li>\n<li>K\u0131r\u0131k, \u00e7atlak veya kaym\u0131\u015f ayna ve cam kap\u0131lar\u0131n tamiri.<\/li>\n<li>\u00c7\u00f6ken i\u00e7 k\u0131s\u0131mlar, raflar ve asma raylar\u0131<\/li>\n<li>\u00dcst par\u00e7an\u0131n d\u00fc\u015fmesi veya tavandan uzakla\u015fmas\u0131<\/li>\n<li>K\u0131r\u0131k veya hasarl\u0131 \u00e7ekmeceler ve \u00e7ekmece raylar\u0131 tamiri.<\/li>\n<\/ol>\n<p>Merdivenk\u00f6y Ray Dolap Kapak Tamiri&#8221; yard\u0131m hizmetimizin nas\u0131l \u00e7al\u0131\u015ft\u0131\u011f\u0131n\u0131 bilmek ister misiniz? Hizmet, Merdivenk\u00f6y il genelinde h\u0131zl\u0131 m\u00fcdahaleyi garanti edecek \u015fekilde yap\u0131land\u0131r\u0131lm\u0131\u015ft\u0131r.\u00a0<span style=\"font-size: 14pt;\"><em><span style=\"color: #0000ff;\"><strong><a style=\"color: #0000ff;\" href=\"https:\/\/www.raydolaptamiri.com.tr\/kadikoy-rayli-dolap-tamiri\/\" target=\"_blank\" rel=\"noopener\">Merdivenk\u00f6y Ray Dolap Kapak Tamiri<\/a><\/strong><\/span><\/em><\/span>&#8221; ile ilgili sorun ya\u015f\u0131yorsan\u0131z 0554 858 1312&#8221; numaral\u0131 telefondan bize ula\u015fabilir veya bize Whatsapp resim g\u00f6nderin. Merdivenk\u00f6y Ray Dolap Kapak Tamiri&#8221; hakk\u0131nda ihtiyac\u0131n\u0131z olan t\u00fcm bilgileri alabilirsiniz.<\/p>\n<h4>Merdivenk\u00f6y Ray Dolap Mekanizma Tamiri<\/h4>\n<p>Merdivenk\u00f6y Ray Dolap Mekanizma Tamiri: servisine ho\u015f geldiniz; k\u0131r\u0131k ray\u0131ndan \u00e7\u0131km\u0131\u015f bir kap\u0131yla, ister yap\u0131\u015fan tekerleklerle, ister cam de\u011fi\u015ftirmeyle kar\u015f\u0131 kar\u015f\u0131ya olun. \u0130htiya\u00e7lar\u0131n\u0131za \u00f6zel kal\u0131c\u0131 \u00e7\u00f6z\u00fcmler sunuyoruz. Merdivenk\u00f6y B\u00f6lgesi&#8217;nde etkili bir s\u00fcrg\u00fcl\u00fc gard\u0131rop kap\u0131s\u0131 onar\u0131m\u0131 ve de\u011fi\u015ftirme hizmeti mi ar\u0131yorsunuz? Merdivenk\u00f6y Ray Dolap Mekanizma Tamiri&#8217; ba\u015fka yere bakmay\u0131n. Yetenekli profesyonellerden olu\u015fan ekibimiz, Mekanizma onar\u0131m\u0131 ve de\u011fi\u015ftirilmesi de dahil olmak \u00fczere s\u00fcrg\u00fcl\u00fc dolap kap\u0131lar\u0131n\u0131zla ilgili her t\u00fcrl\u00fc sorunu \u00e7\u00f6zecek uzmanl\u0131\u011fa sahiptir. Y\u0131llar\u0131n deneyimi ve kaliteli hizmet sunma kararl\u0131l\u0131\u011f\u0131yla, t\u00fcm s\u00fcrg\u00fcl\u00fc Ray Dolap gard\u0131rop onar\u0131m ihtiya\u00e7lar\u0131n\u0131z i\u00e7in m\u00fckemmel \u00e7\u00f6z\u00fcmd\u00fcr<\/p>\n<p>Merdivenk\u00f6y Ray Dolap Mekanizma Tamiri&#8221; hizmetimiz, resmi tatiller hari\u00e7 hafta i\u00e7i Sabah 09 : 00 \u2013 Ak\u015fam 20 : 00 saatleri aras\u0131nda mevcuttur. Bizi &#8221;0554 858 1312&#8221; numaral\u0131 telefonla &#8221;Merdivenk\u00f6y Ray Dolap Mekanizma Tamiri&#8221; destek ekibimizle ileti\u015fime ge\u00e7ebilir veya bize Whatsapp resim g\u00f6nderin. L\u00fctfen Merdivenk\u00f6y Ray Dolap Mekanizma Tamiri&#8221; ile ilgili sorunlar\u0131n\u0131z i\u00e7in bizi aray\u0131n.<img loading=\"lazy\" decoding=\"async\" class=\"alignleft wp-image-48 size-medium\" src=\"https:\/\/www.raydolaptamiri.com.tr\/Kadikoy\/wp-content\/uploads\/Ray-Dolap-Sistemleri-Tamiri-Kadikoy-300x300.jpg\" alt=\"\" width=\"300\" height=\"300\" srcset=\"https:\/\/www.raydolaptamiri.com.tr\/Kadikoy\/wp-content\/uploads\/Ray-Dolap-Sistemleri-Tamiri-Kadikoy-300x300.jpg 300w, https:\/\/www.raydolaptamiri.com.tr\/Kadikoy\/wp-content\/uploads\/Ray-Dolap-Sistemleri-Tamiri-Kadikoy-150x150.jpg 150w, https:\/\/www.raydolaptamiri.com.tr\/Kadikoy\/wp-content\/uploads\/Ray-Dolap-Sistemleri-Tamiri-Kadikoy-90x90.jpg 90w, https:\/\/www.raydolaptamiri.com.tr\/Kadikoy\/wp-content\/uploads\/Ray-Dolap-Sistemleri-Tamiri-Kadikoy.jpg 350w\" sizes=\"(max-width: 300px) 100vw, 300px\" \/><\/p>\n<h5>Merdivenk\u00f6y Ray Dolap Kapak Sistemleri Tamiri<\/h5>\n<p>Merdivenk\u00f6y Ray Dolap Kapak Sistemleri Tamiri: Gard\u0131robunuzdan her e\u015fyan\u0131z\u0131 \u00e7\u0131karmak istedi\u011finizde Ray Dolap gard\u0131rop size sorun mu \u00e7\u0131kar\u0131yor? E\u011fer ciddi olarak bu sorunu \u00e7\u00f6zmeyi d\u00fc\u015f\u00fcn\u00fcyorsan\u0131z, Merdivenk\u00f6y Ray Dolap Kapak Sistemleri Tamiri&#8221; size uygun fiyatlarla do\u011fru \u00e7\u00f6z\u00fcmleri sunmaktay\u0131z.<\/p>\n<ul>\n<li>Makaralar ve Par\u00e7a de\u011fi\u015fimi<\/li>\n<li>Paneli veya Cam\u0131 yeniden cilalay\u0131n<\/li>\n<li>\u00c7er\u00e7eve onar\u0131m\u0131 ve de\u011fi\u015ftirilmesi<\/li>\n<li>Veya gerekiyorsa, se\u00e7ti\u011finiz tamamen yeni gard\u0131rop kap\u0131lar\u0131yla de\u011fi\u015ftirin.<\/li>\n<\/ul>\n<p>S\u00fcrg\u00fcl\u00fc gard\u0131rop kap\u0131lar\u0131 tamir ettirmek istiyorsan\u0131z bunu minimum s\u00fcrede ve uygun fiyatla yapabilecek uzmanl\u0131\u011fa ve bilgi birikimine sahibiz. Merdivenk\u00f6y Ray Dolap Kapak Sistemleri Tamiri&#8221; konusunda ihtiya\u00e7lar\u0131n\u0131za uygun \u00f6zel \u00e7\u00f6z\u00fcmler de sunuyoruz. Kim gard\u0131robu i\u00e7in d\u00fczg\u00fcn bir s\u00fcrg\u00fcl\u00fc kap\u0131 istemez ki? raylara yerle\u015ftirilen kaliteli mekanizmalar yard\u0131m\u0131yla sorunsuz \u00e7al\u0131\u015fmas\u0131n\u0131 sa\u011fl\u0131yoruz. Merdivenk\u00f6y Ray Dolap Kapak Sistemleri Tamiri&#8221; i\u00e7in bizi Pazartesi&#8217;den Cumartesi&#8217; ne&#8217; Sabah 09 : 00 \u2013 20 : 00 ve Cumartesi sabah 09:00 \u2013 Ak\u015fam 19:00 saatleri aras\u0131nda &#8221;Merdivenk\u00f6y Ray Dolap Kapak Sistemleri Tamiri, sorular\u0131n\u0131z i\u00e7in &#8221;0554 858 1312&#8221; numaral\u0131 telefondan bizi arayabilir veya bize Whatsapp resim g\u00f6nderin. Merdivenk\u00f6y Ray Dolap Kapak Sistemleri Tamiri&#8221; i\u00e7in araman\u0131z yeterli; ekibimiz her t\u00fcrl\u00fc onar\u0131m\u0131 \u00e7ok k\u0131sa s\u00fcrede ger\u00e7ekle\u015ftirmek i\u00e7in an\u0131nda yan\u0131n\u0131zda olaca\u011f\u0131z.<\/p>\n<table style=\"border-collapse: collapse; width: 100%;\">\n<tbody>\n<tr>\n<td style=\"width: 33.3333%;\"><a href=\"https:\/\/wa.me\/+905548581312\" target=\"_blank\" rel=\"At Hemen Mesaj Tezcan T\u0131kla Usta Whatsapp noopener\"><img loading=\"lazy\" decoding=\"async\" class=\"aligncenter wp-image-79 size-full\" title=\"Tezcan Usta Whatsapp Hemen T\u0131kla Mesaj At\" src=\"https:\/\/www.raydolaptamiri.com.tr\/Kadikoy\/wp-content\/uploads\/Whatsapp-Tikla-Mesaj-At-Tezcan-Usta.jpg\" alt=\"Tezcan Usta Whatsapp Hemen T\u0131kla Mesaj At\" width=\"380\" height=\"150\" srcset=\"https:\/\/www.raydolaptamiri.com.tr\/Kadikoy\/wp-content\/uploads\/Whatsapp-Tikla-Mesaj-At-Tezcan-Usta.jpg 380w, https:\/\/www.raydolaptamiri.com.tr\/Kadikoy\/wp-content\/uploads\/Whatsapp-Tikla-Mesaj-At-Tezcan-Usta-300x118.jpg 300w, https:\/\/www.raydolaptamiri.com.tr\/Kadikoy\/wp-content\/uploads\/Whatsapp-Tikla-Mesaj-At-Tezcan-Usta-150x59.jpg 150w\" sizes=\"(max-width: 380px) 100vw, 380px\" \/><\/a><\/td>\n<td>\n<p style=\"text-align: center;\">Merdivenk\u00f6y Ray Dolap Tamiri&#8221; Sunulan hizmet, \u00f6ng\u00f6r\u00fclen s\u00fcre i\u00e7erisinde ger\u00e7ekle\u015ftirilir. \u00dcstelik siz de\u011ferli m\u00fc\u015fterilerimiz bu hizmetten b\u00fct\u00e7e dostu fiyatlarla faydalanabilmektedir. Merdivenk\u00f6y Mahallesi genelinde h\u0131zl\u0131 m\u00fcdahaleyi garanti edecek \u015fekilde yap\u0131land\u0131r\u0131lm\u0131\u015ft\u0131r. Ray Dolap Tamiri&#8221; i\u00e7in bizi 0554 858 1312&#8221; numaral\u0131 telefondan bize ula\u015fabilir veya bize WhatsApp resim g\u00f6nderin. Ray Dolap Tamir montaj Onar\u0131m&#8221; hakk\u0131nda ihtiyac\u0131n\u0131z olan t\u00fcm bilgileri alabilirsiniz.<\/p>\n<\/td>\n<td style=\"width: 33.3333%;\"><a href=\"tel:\/\/+905548581312\" target=\"_blank\" rel=\"Ara Hemen Telefon Tezcan T\u0131kla Usta noopener\"><img loading=\"lazy\" decoding=\"async\" class=\"aligncenter wp-image-81 size-full\" title=\"Tezcan Usta Telefon Hemen T\u0131kla Ara\" src=\"https:\/\/www.raydolaptamiri.com.tr\/Kadikoy\/wp-content\/uploads\/Telefon-Tikla-Mesaj-At-Tezcan-Usta.jpg\" alt=\"Tezcan Usta Telefon Hemen T\u0131kla Ara\" width=\"380\" height=\"150\" srcset=\"https:\/\/www.raydolaptamiri.com.tr\/Kadikoy\/wp-content\/uploads\/Telefon-Tikla-Mesaj-At-Tezcan-Usta.jpg 380w, https:\/\/www.raydolaptamiri.com.tr\/Kadikoy\/wp-content\/uploads\/Telefon-Tikla-Mesaj-At-Tezcan-Usta-300x118.jpg 300w, https:\/\/www.raydolaptamiri.com.tr\/Kadikoy\/wp-content\/uploads\/Telefon-Tikla-Mesaj-At-Tezcan-Usta-150x59.jpg 150w\" sizes=\"(max-width: 380px) 100vw, 380px\" \/><\/a><\/td>\n<\/tr>\n<\/tbody>\n<\/table>\n<p><marquee onmouseover=\"this.stop()\" onmouseout=\"this.start()\"width=\"1000\" height=\"25\" direction=\"horizontal\" scrollamount=\"3\"scrolldelay=\"60\" loop=\"99999\">Tezcan Usta 0554 858 1312 \u2705 Merdivenk\u00f6y Ray Dolap Tamiri \u2705 Ray Dolap Tamiri Merdivenk\u00f6y \u2705 Merdivenk\u00f6y Ray Dolap Kapak Tamiri \u2705 Merdivenk\u00f6y Ray Dolap Mekanizma Tamiri \u2705 Merdivenk\u00f6y Ray Dolap Sistemleri Tamiri \u2705 Merdivenk\u00f6y Ray Dolap Tamiri \u2705 Ray Dolap Kapa\u011f\u0131 Tamiri \u2705 S\u00fcrg\u00fcl\u00fc Rayl\u0131 Dolap Tamir Ustas\u0131 \u2705 Rayl\u0131 Dolap Fren Sistemi Tamiri \u2705 S\u00fcrg\u00fcl\u00fc Ray Dolap Tekerle\u011fi Tamiri \u2705 S\u00fcrg\u00fcl\u00fc Rayl\u0131 Dolap Gen\u00e7 Odas\u0131 Tamiri \u2705 S\u00fcrg\u00fcl\u00fc Rayl\u0131 Dolap Rayl\u0131 Fren Sistemi Tamiri \u2705 S\u00fcrg\u00fcl\u00fc Rayl\u0131 Dolap Yava\u015flat\u0131c\u0131 Tamiri \u2705 S\u00fcrg\u00fcl\u00fc Rayl\u0131 Dolap Stoperi Tamiri \u2705 S\u00fcrg\u00fcl\u00fc Rayl\u0131 Dolap S\u00fcrg\u00fcs\u00fc Tamiri \u2705 S\u00fcrg\u00fcl\u00fc Rayl\u0131 Dolap Ray Tamiri \u2705 S\u00fcrg\u00fcl\u00fc Rayl\u0131 Dolap Tamir Edilir<\/marquee><\/p>\n","protected":false},"excerpt":{"rendered":"<p>Merdivenk\u00f6y Ray Dolap Tamiri &#8211; Ray Dolap Tamiri Telefon 0554 858 1312&#8221; \u0130stanbul Anadolu Yakas\u0131 Kad\u0131k\u00f6y Merdivenk\u00f6y Mahallesi Ray Dolap Tamiri ; Biz S\u00fcrg\u00fcl\u00fc Kap\u0131l\u0131 Gard\u0131rop Tamir Uzmanlar\u0131y\u0131z. Ger\u00e7ek \u015fu ki, g\u00f6mme s\u00fcrg\u00fcl\u00fc Ray Dolap gard\u0131roplar tamir edilmesi en zor&#8230; <a class=\"di-continue-reading\" href=\"https:\/\/www.raydolaptamiri.com.tr\/Kadikoy\/merdivenkoy-ray-dolap-tamiri\/\"> Continue Reading&#8230;<\/a><\/p>\n","protected":false},"author":1,"featured_media":0,"parent":0,"menu_order":117,"comment_status":"closed","ping_status":"open","template":"","meta":{"footnotes":""},"categories":[22],"tags":[101,99,100,97,98],"class_list":["post-139","page","type-page","status-publish","hentry","category-merdivenkoy-ray-dolap-tamir-montaj-onarim-servisi","tag-merdivenkoy-ray-dolap-kapak-sistemleri-tamiri","tag-merdivenkoy-ray-dolap-kapak-tamiri","tag-merdivenkoy-ray-dolap-mekanizma-tamiri","tag-merdivenkoy-ray-dolap-tamiri","tag-ray-dolap-tamiri-merdivenkoy"],"_links":{"self":[{"href":"https:\/\/www.raydolaptamiri.com.tr\/Kadikoy\/wp-json\/wp\/v2\/pages\/139","targetHints":{"allow":["GET"]}}],"collection":[{"href":"https:\/\/www.raydolaptamiri.com.tr\/Kadikoy\/wp-json\/wp\/v2\/pages"}],"about":[{"href":"https:\/\/www.raydolaptamiri.com.tr\/Kadikoy\/wp-json\/wp\/v2\/types\/page"}],"author":[{"embeddable":true,"href":"https:\/\/www.raydolaptamiri.com.tr\/Kadikoy\/wp-json\/wp\/v2\/users\/1"}],"replies":[{"embeddable":true,"href":"https:\/\/www.raydolaptamiri.com.tr\/Kadikoy\/wp-json\/wp\/v2\/comments?post=139"}],"version-history":[{"count":2,"href":"https:\/\/www.raydolaptamiri.com.tr\/Kadikoy\/wp-json\/wp\/v2\/pages\/139\/revisions"}],"predecessor-version":[{"id":145,"href":"https:\/\/www.raydolaptamiri.com.tr\/Kadikoy\/wp-json\/wp\/v2\/pages\/139\/revisions\/145"}],"wp:attachment":[{"href":"https:\/\/www.raydolaptamiri.com.tr\/Kadikoy\/wp-json\/wp\/v2\/media?parent=139"}],"wp:term":[{"taxonomy":"category","embeddable":true,"href":"https:\/\/www.raydolaptamiri.com.tr\/Kadikoy\/wp-json\/wp\/v2\/categories?post=139"},{"taxonomy":"post_tag","embeddable":true,"href":"https:\/\/www.raydolaptamiri.com.tr\/Kadikoy\/wp-json\/wp\/v2\/tags?post=139"}],"curies":[{"name":"wp","href":"https:\/\/api.w.org\/{rel}","templated":true}]}}