{"id":98,"date":"2024-06-20T20:50:11","date_gmt":"2024-06-20T17:50:11","guid":{"rendered":"https:\/\/www.raydolaptamiri.com.tr\/Maltepe\/?page_id=98"},"modified":"2024-06-20T21:02:22","modified_gmt":"2024-06-20T18:02:22","slug":"cinar-mahallesi-ray-dolap-tamiri","status":"publish","type":"page","link":"https:\/\/www.raydolaptamiri.com.tr\/Maltepe\/cinar-mahallesi-ray-dolap-tamiri\/","title":{"rendered":"\u00c7\u0131nar Mahallesi Ray Dolap Tamiri"},"content":{"rendered":"<p style=\"text-align: center;\">\u00c7\u0131nar Mahallesi Ray Dolap Tamiri &#8211; Ray Dolap Tamiri Telefon 0554 858 1312 &#8211; \u0130stanbul Anadolu Yakas\u0131 Maltepe \u00c7\u0131nar Mahallesi Ray Dolap Tamiri ; gard\u0131roplar g\u00fczel bir g\u00f6r\u00fcn\u00fcme sahiptir ve mente\u015feli kap\u0131l\u0131 gard\u0131roplar i\u00e7in yeterli alan\u0131n olmad\u0131\u011f\u0131 durumlarda kullan\u0131\u015fl\u0131d\u0131r. Sorun, hassas olmalar\u0131 ve ne yaz\u0131k ki \u00e7o\u011fu zaman t\u00fcm ba\u011flant\u0131 elemanlar\u0131n\u0131n do\u011fru ayarlanmas\u0131 gibi gerekli \u00f6nlemler al\u0131nmadan monte edilmeleridir. Bu zamanla rahats\u0131zl\u0131klara yol a\u00e7abilir. Ortaya \u00e7\u0131kan sorunlar \u00e7o\u011funlukla mekanizmalar\u0131n raylardan \u00e7\u0131kmas\u0131 ve bunun sonucunda s\u00fcrg\u00fcl\u00fc kap\u0131lar\u0131n bloke edilmesiyle ilgilidir. Sorunun \u00e7\u00f6z\u00fcm\u00fc i\u00e7in uzman personelin m\u00fcdahalesi gereklidir, \u00e7\u00fcnk\u00fc \u00e7o\u011fu zaman kap\u0131y\u0131 tekrar raya koymak yeterli de\u011fildir, her \u015feyin do\u011fru \u015fekilde eski haline d\u00f6nmesini sa\u011flamak i\u00e7in mekanizmalar\u0131n ve durdurucular\u0131n do\u011fru ayarlanmas\u0131 gerekir.<\/p>\n<p><img fetchpriority=\"high\" decoding=\"async\" class=\"size-full wp-image-99 alignright\" src=\"https:\/\/www.raydolaptamiri.com.tr\/Maltepe\/wp-content\/uploads\/Maltepe-Cinar-Mahallesi-Ray-Dalap-Tamiri.jpg\" alt=\"\u00c7\u0131nar Mahallesi Ray Dolap Tamiri, Ray Dolap Tamiri \u00c7\u0131nar Mahallesi, \u00c7\u0131nar Mahallesi Ray Dolap Kapak Tamiri, \u00c7\u0131nar Mahallesi Ray Dolap Mekanizma Tamiri, \u00c7\u0131nar Mahallesi Ray Dolap Kapak Sistemleri Tamiri\" width=\"450\" height=\"250\" srcset=\"https:\/\/www.raydolaptamiri.com.tr\/Maltepe\/wp-content\/uploads\/Maltepe-Cinar-Mahallesi-Ray-Dalap-Tamiri.jpg 450w, https:\/\/www.raydolaptamiri.com.tr\/Maltepe\/wp-content\/uploads\/Maltepe-Cinar-Mahallesi-Ray-Dalap-Tamiri-300x167.jpg 300w, https:\/\/www.raydolaptamiri.com.tr\/Maltepe\/wp-content\/uploads\/Maltepe-Cinar-Mahallesi-Ray-Dalap-Tamiri-150x83.jpg 150w\" sizes=\"(max-width: 450px) 100vw, 450px\" \/><\/p>\n<h2>\u00c7\u0131nar Mahallesi Ray Dolap Tamiri<\/h2>\n<p>\u00c7\u0131nar Mahallesi Ray Dolap Tamiri&#8221; i\u00e7in bizi Pazartesi&#8217;den Cumartesi&#8217;ye Sabah 09:00 \u2013 Ak\u015fam 20:00 saatleri aras\u0131nda &#8221;\u00c7\u0131nar Mahallesi Ray Dolap Tamiri&#8221; hizmeti, hakk\u0131nda daha fazla bilgi almak i\u00e7in bize 0554 858 1312&#8221; numaral\u0131 telefondan bize ula\u015fabilir WhatsApp arac\u0131l\u0131\u011f\u0131yla do\u011frudan mesaj g\u00f6nderebilirsiniz.\u00a0<span style=\"color: #ff0000;\"><strong><a style=\"color: #ff0000;\" href=\"https:\/\/www.raydolaptamiri.com.tr\/Maltepe\/maltepe-ray-dolap-tamir\" target=\"_blank\" rel=\"noopener\">\u00c7\u0131nar Mahallesi Ray Dolap Tamiri<\/a><\/strong><\/span>&#8221; i\u00e7in l\u00fctfen bizimle ileti\u015fime ge\u00e7in. size yard\u0131mc\u0131 olmaktan mutluluk duyar\u0131z.<\/p>\n<h3>\u00c7\u0131nar Mahallesi Ray Dolap Kapak Tamiri<\/h3>\n<p>\u00c7\u0131nar Mahallesi Ray Dolap Kapak Tamiri : Gard\u0131roplar her g\u00fcn kulland\u0131\u011f\u0131m\u0131z ve bazen uzun s\u00fcre dayanabilmeleri i\u00e7in bak\u0131m veya onar\u0131ma ihtiya\u00e7 duyan mobilya elemanlar\u0131d\u0131r . Sorunun boyutuna ba\u011fl\u0131 olarak \u00e7o\u011fu durumda h\u0131zl\u0131 ve kesin bir hizmet sunabiliyoruz . Duruma g\u00f6re hasarl\u0131 ve ar\u0131zal\u0131 ray dolaplar\u0131n tamiri i\u00e7in en iyi \u00e7\u00f6z\u00fcm\u00fc sunabilmekteyiz. Deneyimlerimiz sayesinde \u00e7o\u011fu zaman m\u00fc\u015fteriyle ilk telefon g\u00f6r\u00fc\u015fmesinden itibaren m\u00fcdahalenin t\u00fcr\u00fcn\u00fc ve yap\u0131labilirli\u011fini anlayabiliyor ve kabaca bir tahminde bulunabiliyoruz. Bu, zamandan tasarruf sa\u011flar ve hasar ciddi de\u011filse, s\u00f6z konusu dolab\u0131n onar\u0131lmas\u0131 i\u00e7in tek bir servis yeterli olacakt\u0131r.<img decoding=\"async\" class=\"alignleft wp-image-63 size-medium\" src=\"https:\/\/www.raydolaptamiri.com.tr\/Maltepe\/wp-content\/uploads\/Surgulu-Ray-Dolap-Tamiri-Anadolu-yakasi-Maltepe-300x300.jpg\" alt=\"\" width=\"300\" height=\"300\" srcset=\"https:\/\/www.raydolaptamiri.com.tr\/Maltepe\/wp-content\/uploads\/Surgulu-Ray-Dolap-Tamiri-Anadolu-yakasi-Maltepe-300x300.jpg 300w, https:\/\/www.raydolaptamiri.com.tr\/Maltepe\/wp-content\/uploads\/Surgulu-Ray-Dolap-Tamiri-Anadolu-yakasi-Maltepe-150x150.jpg 150w, https:\/\/www.raydolaptamiri.com.tr\/Maltepe\/wp-content\/uploads\/Surgulu-Ray-Dolap-Tamiri-Anadolu-yakasi-Maltepe-90x90.jpg 90w, https:\/\/www.raydolaptamiri.com.tr\/Maltepe\/wp-content\/uploads\/Surgulu-Ray-Dolap-Tamiri-Anadolu-yakasi-Maltepe.jpg 350w\" sizes=\"(max-width: 300px) 100vw, 300px\" \/><\/p>\n<h4>Ray Dolap Kapak Sorunlar\u0131n\u0131 \u00c7\u00f6zebiliriz<\/h4>\n<ol>\n<li>A\u015f\u0131nm\u0131\u015f veya hasar g\u00f6rm\u00fc\u015f gard\u0131rop makaralar\u0131 ve sistemleri tamiri.<\/li>\n<li>Dolap \u00e7er\u00e7evesinden d\u00fc\u015fen veya \u00e7\u0131kan kap\u0131lar<\/li>\n<li>U\u00e7 panelin duvardan veya ray sisteminden uzakla\u015fmas\u0131<\/li>\n<li>K\u0131r\u0131k, \u00e7atlak veya kaym\u0131\u015f ayna ve cam kap\u0131lar\u0131n tamiri.<\/li>\n<li>\u00c7\u00f6ken i\u00e7 k\u0131s\u0131mlar, raflar ve asma raylar\u0131<\/li>\n<li>\u00dcst par\u00e7an\u0131n d\u00fc\u015fmesi veya tavandan uzakla\u015fmas\u0131<\/li>\n<li>K\u0131r\u0131k veya hasarl\u0131 \u00e7ekmeceler ve \u00e7ekmece raylar\u0131 tamiri.<\/li>\n<\/ol>\n<p>\u00c7\u0131nar Mahallesi Ray Dolap Kapak Tamiri&#8221; yard\u0131m hizmetimizin nas\u0131l \u00e7al\u0131\u015ft\u0131\u011f\u0131n\u0131 bilmek ister misiniz? Hizmet, \u00c7\u0131nar Mahallesi il genelinde h\u0131zl\u0131 m\u00fcdahaleyi garanti edecek \u015fekilde yap\u0131land\u0131r\u0131lm\u0131\u015ft\u0131r.\u00a0<em><span style=\"color: #0000ff;\"><strong><a style=\"color: #0000ff;\" href=\"https:\/\/www.onlinemarangoz.com.tr\/Maltepe\/maltepe-ray-dolap-tamiri\/\" target=\"_blank\" rel=\"noopener\">\u00c7\u0131nar Mahallesi Ray Dolap Kapak Tamiri<\/a><\/strong><\/span><\/em>&#8221; ile ilgili sorun ya\u015f\u0131yorsan\u0131z 0554 858 1312&#8221; numaral\u0131 telefondan bize ula\u015fabilir veya bize Whatsapp resim g\u00f6nderin. \u00c7\u0131nar Mahallesi Ray Dolap Kapak Tamiri&#8221; hakk\u0131nda ihtiyac\u0131n\u0131z olan t\u00fcm bilgileri alabilirsiniz.<img decoding=\"async\" class=\"alignright wp-image-64 size-medium\" src=\"https:\/\/www.raydolaptamiri.com.tr\/Maltepe\/wp-content\/uploads\/Umraniye-Surgulu-Ray-Dolap-Kapak-Mekanizma-Tamiri-300x300.jpg\" alt=\"\" width=\"300\" height=\"300\" srcset=\"https:\/\/www.raydolaptamiri.com.tr\/Maltepe\/wp-content\/uploads\/Umraniye-Surgulu-Ray-Dolap-Kapak-Mekanizma-Tamiri-300x300.jpg 300w, https:\/\/www.raydolaptamiri.com.tr\/Maltepe\/wp-content\/uploads\/Umraniye-Surgulu-Ray-Dolap-Kapak-Mekanizma-Tamiri-150x150.jpg 150w, https:\/\/www.raydolaptamiri.com.tr\/Maltepe\/wp-content\/uploads\/Umraniye-Surgulu-Ray-Dolap-Kapak-Mekanizma-Tamiri-90x90.jpg 90w, https:\/\/www.raydolaptamiri.com.tr\/Maltepe\/wp-content\/uploads\/Umraniye-Surgulu-Ray-Dolap-Kapak-Mekanizma-Tamiri.jpg 350w\" sizes=\"(max-width: 300px) 100vw, 300px\" \/><\/p>\n<h5>\u00c7\u0131nar Mahallesi Ray Dolap Mekanizma Tamiri<\/h5>\n<p>\u00c7\u0131nar Mahallesi Ray Dolap Mekanizma Tamiri: ray dolaplar g\u00fczel g\u00f6r\u00fcn\u00fcr ve mente\u015feli kap\u0131l\u0131 dolaplar i\u00e7in yeterli alan\u0131n olmad\u0131\u011f\u0131 durumlarda kullan\u0131\u015fl\u0131d\u0131r. Sorun, hassas olmalar\u0131 ve ne yaz\u0131k ki t\u00fcm ba\u011flant\u0131 elemanlar\u0131n\u0131n do\u011fru ayarlanmas\u0131 gibi gerekli \u00f6nlemler al\u0131nmadan monte edilmeleridir. Bu durum zamanla rahats\u0131zl\u0131klara neden olabilir. Ortaya \u00e7\u0131kan sorunlar \u00e7o\u011funlukla raylardan \u00e7\u0131kmas\u0131 ve bunun sonucunda ray d0lap kap\u0131lar\u0131n bloke edilmesiyle ilgilidir. Sorunun \u00e7\u00f6z\u00fcm\u00fc i\u00e7in uzman personelin m\u00fcdahalesi gereklidir, \u00e7\u00fcnk\u00fc \u00e7o\u011fu zaman kap\u0131y\u0131 tekrar raya koymak yeterli de\u011fildir, her \u015feyin do\u011fru \u015fekilde eski haline d\u00f6nmesini sa\u011flamak i\u00e7in mekanizmalar\u0131n ve durdurucular\u0131n do\u011fru ayarlanmas\u0131 gerekir. Y\u0131llard\u0131r s\u00fcrg\u00fcl\u00fc kap\u0131lar\u0131 kayma sorunlar\u0131 olan dolaplar\u0131n onar\u0131m\u0131 ve restorasyonu konusunda uzmanla\u015ft\u0131k. \u00c7\u0131nar Mahallesi Ray Dolap Mekanizma Tamiri&#8221; hizmetimiz, resmi tatiller hari\u00e7 hafta i\u00e7i Sabah 09 : 00 \u2013 Ak\u015fam 20 : 00 saatleri aras\u0131nda mevcuttur. Bizi &#8221;0554 858 1312&#8221; numaral\u0131 telefonla &#8221;\u00c7\u0131nar Mahallesi Ray Dolap Mekanizma Tamiri&#8221; destek ekibimizle ileti\u015fime ge\u00e7ebilir veya bize Whatsapp resim g\u00f6nderin. L\u00fctfen \u00c7\u0131nar Mahallesi Ray Dolap Mekanizma Tamiri&#8221; ile ilgili sorunlar\u0131n\u0131z i\u00e7in bizi aray\u0131n.<img loading=\"lazy\" decoding=\"async\" class=\"alignleft wp-image-65 size-medium\" src=\"https:\/\/www.raydolaptamiri.com.tr\/Maltepe\/wp-content\/uploads\/uskudar-surgulu-ray-dolap-sistemleri-tamiri-300x300.jpg\" alt=\"\" width=\"300\" height=\"300\" srcset=\"https:\/\/www.raydolaptamiri.com.tr\/Maltepe\/wp-content\/uploads\/uskudar-surgulu-ray-dolap-sistemleri-tamiri-300x300.jpg 300w, https:\/\/www.raydolaptamiri.com.tr\/Maltepe\/wp-content\/uploads\/uskudar-surgulu-ray-dolap-sistemleri-tamiri-150x150.jpg 150w, https:\/\/www.raydolaptamiri.com.tr\/Maltepe\/wp-content\/uploads\/uskudar-surgulu-ray-dolap-sistemleri-tamiri-90x90.jpg 90w, https:\/\/www.raydolaptamiri.com.tr\/Maltepe\/wp-content\/uploads\/uskudar-surgulu-ray-dolap-sistemleri-tamiri.jpg 350w\" sizes=\"(max-width: 300px) 100vw, 300px\" \/><\/p>\n<h6>\u00c7\u0131nar Mahallesi Ray Dolap Kapak Sistemleri Tamiri<\/h6>\n<p>\u00c7\u0131nar Mahallesi Ray Dolap Kapak Sistemleri Tamiri: S\u0131k\u0131\u015fm\u0131\u015f veya g\u00fcr\u00fclt\u00fcl\u00fc bir kap\u0131n\u0131n g\u00fcn\u00fcn\u00fcz\u00fc bozmas\u0131na izin vermeyin. Ray\u0131ndan \u00e7\u0131kan S\u00fcrg\u00fcl\u00fc Ray Dolap Kap\u0131lar\u0131n\u0131n Tamiri. Dolap kapaklar\u0131ndaki k\u0131r\u0131k Kapak Sistemleri de\u011fi\u015ftirilmesi. Sorunsuz, sessiz \u00e7al\u0131\u015fma i\u00e7in makara ve ray onar\u0131mlar\u0131. Kapak Sistemleri , makaralardan raylara kadar gard\u0131rop kap\u0131lar\u0131n\u0131z\u0131 ki\u015fisel olarak inceleyecek ve y\u0131pranm\u0131\u015f Kapak Sistemleri en \u00fcst d\u00fczey alternatiflerle de\u011fi\u015ftirilmesini sa\u011flayarak Kap\u0131lar\u0131n\u0131za dayan\u0131kl\u0131l\u0131k kazand\u0131rmaya ve onlar\u0131 evinizin g\u00fcvenilir bir \u00f6zelli\u011fi haline getirmeye kararl\u0131y\u0131z. \u00c7\u0131nar Mahallesi Ray Dolap Kapak Sistemleri Tamiri&#8221; i\u00e7in bizi Pazartesi&#8217;den Cumartesi&#8217; ne&#8217; Sabah 09 : 00 \u2013 20 : 00 ve Cumartesi sabah 09:00 \u2013 Ak\u015fam 19:00 saatleri aras\u0131nda &#8221;<span style=\"color: #ff0000;\"><a style=\"color: #ff0000;\" href=\"https:\/\/www.raydolaptamiri.com.tr\/Maltepe\/\" target=\"_blank\" rel=\"noopener\"><em><strong>\u00c7\u0131nar Mahallesi Ray Dolap Kapak Sistemleri Tamiri<\/strong><\/em><\/a><\/span>, sorular\u0131n\u0131z i\u00e7in &#8221;0554 858 1312&#8221; numaral\u0131 telefondan bizi arayabilir veya bize Whatsapp resim g\u00f6nderin. \u00c7\u0131nar Mahallesi Ray Dolap Kapak Sistemleri Tamiri&#8221; i\u00e7in araman\u0131z yeterli; ekibimiz her t\u00fcrl\u00fc onar\u0131m\u0131 \u00e7ok k\u0131sa s\u00fcrede ger\u00e7ekle\u015ftirmek i\u00e7in an\u0131nda yan\u0131n\u0131zda olaca\u011f\u0131z.<\/p>\n<p><em><strong>\u00c7\u0131nar Mahallesi Ray Dolap Tamiri. \u00c7\u0131nar Mahallesi Ray Dolap Kapak Tamiri.<\/strong><\/em><\/p>\n","protected":false},"excerpt":{"rendered":"<p>\u00c7\u0131nar Mahallesi Ray Dolap Tamiri &#8211; Ray Dolap Tamiri Telefon 0554 858 1312 &#8211; \u0130stanbul Anadolu Yakas\u0131 Maltepe \u00c7\u0131nar Mahallesi Ray Dolap Tamiri ; gard\u0131roplar g\u00fczel bir g\u00f6r\u00fcn\u00fcme sahiptir ve mente\u015feli kap\u0131l\u0131 gard\u0131roplar i\u00e7in yeterli alan\u0131n olmad\u0131\u011f\u0131 durumlarda kullan\u0131\u015fl\u0131d\u0131r. Sorun,&#8230; <a class=\"di-continue-reading\" href=\"https:\/\/www.raydolaptamiri.com.tr\/Maltepe\/cinar-mahallesi-ray-dolap-tamiri\/\"> Continue Reading&#8230;<\/a><\/p>\n","protected":false},"author":1,"featured_media":0,"parent":0,"menu_order":25,"comment_status":"closed","ping_status":"open","template":"","meta":{"footnotes":""},"categories":[22],"tags":[57,55,56,53,54],"class_list":["post-98","page","type-page","status-publish","hentry","category-cinar-mahallesi-ray-dolap-tamir-montaj-servisi","tag-cinar-mahallesi-ray-dolap-kapak-sistemleri-tamiri","tag-cinar-mahallesi-ray-dolap-kapak-tamiri","tag-cinar-mahallesi-ray-dolap-mekanizma-tamiri","tag-cinar-mahallesi-ray-dolap-tamiri","tag-ray-dolap-tamiri-cinar-mahallesi"],"_links":{"self":[{"href":"https:\/\/www.raydolaptamiri.com.tr\/Maltepe\/wp-json\/wp\/v2\/pages\/98","targetHints":{"allow":["GET"]}}],"collection":[{"href":"https:\/\/www.raydolaptamiri.com.tr\/Maltepe\/wp-json\/wp\/v2\/pages"}],"about":[{"href":"https:\/\/www.raydolaptamiri.com.tr\/Maltepe\/wp-json\/wp\/v2\/types\/page"}],"author":[{"embeddable":true,"href":"https:\/\/www.raydolaptamiri.com.tr\/Maltepe\/wp-json\/wp\/v2\/users\/1"}],"replies":[{"embeddable":true,"href":"https:\/\/www.raydolaptamiri.com.tr\/Maltepe\/wp-json\/wp\/v2\/comments?post=98"}],"version-history":[{"count":3,"href":"https:\/\/www.raydolaptamiri.com.tr\/Maltepe\/wp-json\/wp\/v2\/pages\/98\/revisions"}],"predecessor-version":[{"id":104,"href":"https:\/\/www.raydolaptamiri.com.tr\/Maltepe\/wp-json\/wp\/v2\/pages\/98\/revisions\/104"}],"wp:attachment":[{"href":"https:\/\/www.raydolaptamiri.com.tr\/Maltepe\/wp-json\/wp\/v2\/media?parent=98"}],"wp:term":[{"taxonomy":"category","embeddable":true,"href":"https:\/\/www.raydolaptamiri.com.tr\/Maltepe\/wp-json\/wp\/v2\/categories?post=98"},{"taxonomy":"post_tag","embeddable":true,"href":"https:\/\/www.raydolaptamiri.com.tr\/Maltepe\/wp-json\/wp\/v2\/tags?post=98"}],"curies":[{"name":"wp","href":"https:\/\/api.w.org\/{rel}","templated":true}]}}